{"id":95,"date":"2022-01-27T10:58:29","date_gmt":"2022-01-27T10:58:29","guid":{"rendered":"http:\/\/cognito.mprinsdesign.nl\/?page_id=95"},"modified":"2023-05-02T11:39:23","modified_gmt":"2023-05-02T11:39:23","slug":"der-komplex","status":"publish","type":"page","link":"https:\/\/marbellabay-villa.com\/de\/der-komplex\/","title":{"rendered":"Castillo Torremolinos"},"content":{"rendered":"<section class=\"wpb-content-wrapper\"><div  class=\"content_row row page-content vc_row wpb_row  default-style fullwidth\" >\n\t\n\t<div class=\"content_row_wrapper  default\" >\n\t<div id=\"asdasd\" class=\"vc_col-sm-12 wpb_column vc_column_container\" >\n\t<div class=\"vc_column-inner\">\n\t\t<div class=\"wpb_wrapper\" >\n\t\t\t<div class=\"rt_heading_wrapper no-style\">\n\t\t\t\t\t\t<h1 class=\"rt_heading  no-style\"  style=\"font-size:24px;margin-top:24px;margin-bottom:0px;\">Marbella Bay Villa \u2013 <span class=\"after_h1\">Mijas Costa<\/span><\/h1> \n\t\t\t\t\t<\/div><div class=\"vc_empty_space\"   style=\"height: 32px\"><span class=\"vc_empty_space_inner\"><\/span><\/div><div class=\"vc_separator wpb_content_element vc_separator_align_center vc_sep_width_100 vc_sep_style-4 vc_sep_pos_align_center vc_separator_no_text vc_sep_color_grey\" ><span class=\"vc_sep_holder vc_sep_holder_l\"><span class=\"vc_sep_line\"><\/span><\/span><span class=\"vc_sep_holder vc_sep_holder_r\"><span class=\"vc_sep_line\"><\/span><\/span>\n<\/div><div class=\"vc_empty_space\"   style=\"height: 32px\"><span class=\"vc_empty_space_inner\"><\/span><\/div>\n\t<div class=\"wpb_text_column wpb_content_element\" >\n\t\t<div class=\"wpb_wrapper\">\n\t\t\t<div class=\"\">\n<p>Ihre Traumvilla an der Costa del Sol \u2013 gebaut innerhalb von 8-10 Monaten. \u2013<\/p>\n<p>SPAREN SIE ZEIT \u2013 SPAREN SIE GELD \u2013 SCH\u00dcTZEN Sie unseren Planeten \u2013 Eine gesch\u00e4tzte Energieeffizienz nach Fertigstellung OFF-PLAN-LUXUS-ZEITGEN\u00d6SSISCHE \u00d6KOLOGISCHE VILLA IN LA CALA GOLF Die Villa bietet einen atemberaubenden Blick auf den Golfplatz nach vorne und hinten.<\/p>\n<p>Diese Immobilie wird auf 3 Etagen gebaut: Keller, Erdgeschoss und 1. Etage, bestehend aus Eingangshalle, 6 Schlafzimmern, mit 5 Badezimmern en Suite, G\u00e4ste-WC, voll ausgestatteter K\u00fcche, allen Ger\u00e4ten, Wohn-Esszimmer, Panorama-Pneumatikaufzug, Garage, Fitnessraum, Fernsehraum und Waschk\u00fcche.<\/p>\n<p>Fotos von Badezimmern und der K\u00fcche sind nur Beispiele; Die letzte Entscheidung liegt beim Kunden!<\/p>\n<p>Zu den Spezifikationen geh\u00f6ren: \u2013 Fenster mit Climalit-Glas 5+5\/Zimmer\/6+6 \u2013 Pneumatischer Aufzug \u2013 Vollst\u00e4ndig m\u00f6bliert \u2013 Voll ausgestattete K\u00fcche mit Bosch-Ger\u00e4ten \u2013 Saloni-Innen- und Au\u00dfenb\u00f6den \u2013 Saloni-Badezimmerw\u00e4nde \u2013 Roca-Badezimmer, Serie The Gap von Jacob Delafon \u2013 Fu\u00dfbodenheizung auf Wasserbasis \u2013 Schwenkbare Eingangst\u00fcr, deckenhoch und 1,50 m breit \u2013 Unsichtbare Innent\u00fcren, deckenhoch und 1,00 m breit \u2013 und vieles mehr\u2026.. **Fotos und CGIs von Badezimmern und K\u00fcchen sind Richtwerte f\u00fcr jedes fertige Produkt**<\/p>\n<\/div>\n<div class=\"\">\n<p>&nbsp;<\/p>\n<\/div>\n\n\t\t<\/div>\n\t<\/div>\n\n\t\t<\/div>\n\t<\/div>\n\t<\/div>\n\n<\/div>\n<\/div>\n\n<div  class=\"content_row row page-content vc_row wpb_row  default-style fullwidth\" style=\"background-color: #bbac8c;\">\n\t\n\t<div class=\"content_row_wrapper  default\" >\n\t<div id=\"asdasd\" class=\"vc_col-sm-12 wpb_column vc_column_container\" >\n\t<div class=\"vc_column-inner\">\n\t\t<div class=\"wpb_wrapper\" >\n\t\t\t<div class=\"rt_heading_wrapper no-style\">\n\t\t\t\t\t\t<h1 class=\"rt_heading  no-style\"  style=\"font-size:24px;margin-top:24px;margin-bottom:0px;\">Merkmale - <span class=\"after_h1 white\">Villa in der Bucht von Marbella<\/span><\/h1> \n\t\t\t\t\t<\/div><div class=\"vc_empty_space\"   style=\"height: 32px\"><span class=\"vc_empty_space_inner\"><\/span><\/div><div class=\"vc_separator wpb_content_element vc_separator_align_center vc_sep_width_100 vc_sep_style-4 vc_sep_pos_align_center vc_separator_no_text vc_sep_color_grey\" ><span class=\"vc_sep_holder vc_sep_holder_l\"><span class=\"vc_sep_line\"><\/span><\/span><span class=\"vc_sep_holder vc_sep_holder_r\"><span class=\"vc_sep_line\"><\/span><\/span>\n<\/div>\n\t<div class=\"wpb_text_column wpb_content_element\" >\n\t\t<div class=\"wpb_wrapper\">\n\t\t\t\t \n\t\t<div  class=\"bullet-list style-1  check\">\n\t\t<ul>\n<li>eigenes Schwimmbad<\/li>\n<li>voll m\u00f6bliert<\/li>\n<li>voll ausgestattete K\u00fcche mit Bosch-Ger\u00e4ten<\/li>\n<li><span style=\"font-weight: 400;\">Badezimmer von Roca<\/span><\/li>\n<li><span style=\"font-weight: 400;\">Golf an vorderster Front<\/span><\/li>\n<li>Preise ab 1.895.000 \u20ac.<\/li>\n<\/ul>\n\n\t\t<\/div>\n\t\n\n\t\t<\/div>\n\t<\/div>\n\n\t\t<\/div>\n\t<\/div>\n\t<\/div>\n\n<\/div>\n<\/div>\n\n<div  class=\"content_row row quote-row vc_row wpb_row  default-style fullwidth\" style=\"background-color: #fcfcfc;\">\n\t\n\t<div class=\"content_row_wrapper  fullwidth\" >\n\t<div id=\"asdasd\" class=\"vc_col-sm-12 wpb_column vc_column_container vc_custom_1644925648982\" >\n\t<div class=\"vc_column-inner\">\n\t\t<div class=\"wpb_wrapper\" >\n\t\t\t<div class=\"rt_heading_wrapper style-3\">\n\t\t\t\t\t\t<h4 class=\"rt_heading serif quote-max-width style-3\" >Informationspaket Marbella Bay Villa <a href=\"https:\/\/new.minisites.casadelmar.nl\/meer-informatie\/\"> Fordern Sie Prospekt und Preisliste an <\/a><\/h4> \n\t\t\t\t\t<\/div>\n\t\t<\/div>\n\t<\/div>\n\t<\/div>\n\n<\/div>\n<\/div>\n\n<div  class=\"content_row row vc_row wpb_row  default-style fullwidth\" >\n\t\n\t<div class=\"content_row_wrapper  default\" >\n\t<div id=\"asdasd\" class=\"vc_col-sm-12 wpb_column vc_column_container\" >\n\t<div class=\"vc_column-inner\">\n\t\t<div class=\"wpb_wrapper\" >\n\t\t\t<div class=\"button_wrapper aligncenter\"><a  href=\"\/de\/mehr-informationen\/\" target=\"_self\" title=\"&gt; mehr Infos\" class=\"button_  style-2 small\">&gt; mehr Infos<\/a><\/div>\n\t\t<\/div>\n\t<\/div>\n\t<\/div>\n\n<\/div>\n<\/div>\n<\/section>","protected":false},"excerpt":{"rendered":"<p>\u2026 <a class=\"more-link\" href=\"https:\/\/marbellabay-villa.com\/de\/der-komplex\/\">Weiterlesen<\/a><\/p>","protected":false},"author":1,"featured_media":4332,"parent":0,"menu_order":3,"comment_status":"closed","ping_status":"closed","template":"","meta":{"footnotes":""},"class_list":["post-95","page","type-page","status-publish","has-post-thumbnail","hentry"],"yoast_head":"<!-- This site is optimized with the Yoast SEO plugin v26.0 - https:\/\/yoast.com\/wordpress\/plugins\/seo\/ -->\n<title>Castillo Torremolinos - Marbella Bay Villa&#039;s<\/title>\n<meta name=\"robots\" content=\"index, follow, max-snippet:-1, max-image-preview:large, max-video-preview:-1\" \/>\n<link rel=\"canonical\" href=\"https:\/\/marbellabay-villa.com\/de\/der-komplex\/\" \/>\n<meta property=\"og:locale\" content=\"de_DE\" \/>\n<meta property=\"og:type\" content=\"article\" \/>\n<meta property=\"og:title\" content=\"Castillo Torremolinos - Marbella Bay Villa&#039;s\" \/>\n<meta property=\"og:url\" content=\"https:\/\/marbellabay-villa.com\/de\/der-komplex\/\" \/>\n<meta property=\"og:site_name\" content=\"Marbella Bay Villa&#039;s\" \/>\n<meta property=\"article:modified_time\" content=\"2023-05-02T11:39:23+00:00\" \/>\n<meta property=\"og:image\" content=\"https:\/\/marbellabay-villa.com\/wp-content\/uploads\/sites\/24\/2022\/03\/dp2.jpg\" \/>\n\t<meta property=\"og:image:width\" content=\"1024\" \/>\n\t<meta property=\"og:image:height\" content=\"481\" \/>\n\t<meta property=\"og:image:type\" content=\"image\/jpeg\" \/>\n<meta name=\"twitter:card\" content=\"summary_large_image\" \/>\n<meta name=\"twitter:label1\" content=\"Gesch\u00e4tzte Lesezeit\" \/>\n\t<meta name=\"twitter:data1\" content=\"2\u00a0Minuten\" \/>\n<script type=\"application\/ld+json\" class=\"yoast-schema-graph\">{\"@context\":\"https:\/\/schema.org\",\"@graph\":[{\"@type\":\"WebPage\",\"@id\":\"https:\/\/marbellabay-villa.com\/het-complex\/\",\"url\":\"https:\/\/marbellabay-villa.com\/het-complex\/\",\"name\":\"Castillo Torremolinos - Marbella Bay Villa's\",\"isPartOf\":{\"@id\":\"https:\/\/marbellabay-villa.com\/#website\"},\"primaryImageOfPage\":{\"@id\":\"https:\/\/marbellabay-villa.com\/het-complex\/#primaryimage\"},\"image\":{\"@id\":\"https:\/\/marbellabay-villa.com\/het-complex\/#primaryimage\"},\"thumbnailUrl\":\"https:\/\/marbellabay-villa.com\/wp-content\/uploads\/sites\/24\/2022\/03\/dp2.jpg\",\"datePublished\":\"2022-01-27T10:58:29+00:00\",\"dateModified\":\"2023-05-02T11:39:23+00:00\",\"breadcrumb\":{\"@id\":\"https:\/\/marbellabay-villa.com\/het-complex\/#breadcrumb\"},\"inLanguage\":\"de\",\"potentialAction\":[{\"@type\":\"ReadAction\",\"target\":[\"https:\/\/marbellabay-villa.com\/het-complex\/\"]}]},{\"@type\":\"ImageObject\",\"inLanguage\":\"de\",\"@id\":\"https:\/\/marbellabay-villa.com\/het-complex\/#primaryimage\",\"url\":\"https:\/\/marbellabay-villa.com\/wp-content\/uploads\/sites\/24\/2022\/03\/dp2.jpg\",\"contentUrl\":\"https:\/\/marbellabay-villa.com\/wp-content\/uploads\/sites\/24\/2022\/03\/dp2.jpg\",\"width\":1024,\"height\":481},{\"@type\":\"BreadcrumbList\",\"@id\":\"https:\/\/marbellabay-villa.com\/het-complex\/#breadcrumb\",\"itemListElement\":[{\"@type\":\"ListItem\",\"position\":1,\"name\":\"Home\",\"item\":\"https:\/\/marbellabay-villa.com\/\"},{\"@type\":\"ListItem\",\"position\":2,\"name\":\"Castillo Torremolinos\"}]},{\"@type\":\"WebSite\",\"@id\":\"https:\/\/marbellabay-villa.com\/#website\",\"url\":\"https:\/\/marbellabay-villa.com\/\",\"name\":\"Marbella Bay Villa's\",\"description\":\"\",\"potentialAction\":[{\"@type\":\"SearchAction\",\"target\":{\"@type\":\"EntryPoint\",\"urlTemplate\":\"https:\/\/marbellabay-villa.com\/?s={search_term_string}\"},\"query-input\":{\"@type\":\"PropertyValueSpecification\",\"valueRequired\":true,\"valueName\":\"search_term_string\"}}],\"inLanguage\":\"de\"}]}<\/script>\n<!-- \/ Yoast SEO plugin. -->","yoast_head_json":{"title":"Castillo Torremolinos \u2013 Villen in der Bucht von Marbella","robots":{"index":"index","follow":"follow","max-snippet":"max-snippet:-1","max-image-preview":"max-image-preview:large","max-video-preview":"max-video-preview:-1"},"canonical":"https:\/\/marbellabay-villa.com\/de\/der-komplex\/","og_locale":"de_DE","og_type":"article","og_title":"Castillo Torremolinos - Marbella Bay Villa's","og_url":"https:\/\/marbellabay-villa.com\/de\/der-komplex\/","og_site_name":"Marbella Bay Villa's","article_modified_time":"2023-05-02T11:39:23+00:00","og_image":[{"width":1024,"height":481,"url":"https:\/\/marbellabay-villa.com\/wp-content\/uploads\/sites\/24\/2022\/03\/dp2.jpg","type":"image\/jpeg"}],"twitter_card":"summary_large_image","twitter_misc":{"Gesch\u00e4tzte Lesezeit":"2\u00a0Minuten"},"schema":{"@context":"https:\/\/schema.org","@graph":[{"@type":"WebPage","@id":"https:\/\/marbellabay-villa.com\/het-complex\/","url":"https:\/\/marbellabay-villa.com\/het-complex\/","name":"Castillo Torremolinos \u2013 Villen in der Bucht von Marbella","isPartOf":{"@id":"https:\/\/marbellabay-villa.com\/#website"},"primaryImageOfPage":{"@id":"https:\/\/marbellabay-villa.com\/het-complex\/#primaryimage"},"image":{"@id":"https:\/\/marbellabay-villa.com\/het-complex\/#primaryimage"},"thumbnailUrl":"https:\/\/marbellabay-villa.com\/wp-content\/uploads\/sites\/24\/2022\/03\/dp2.jpg","datePublished":"2022-01-27T10:58:29+00:00","dateModified":"2023-05-02T11:39:23+00:00","breadcrumb":{"@id":"https:\/\/marbellabay-villa.com\/het-complex\/#breadcrumb"},"inLanguage":"de","potentialAction":[{"@type":"ReadAction","target":["https:\/\/marbellabay-villa.com\/het-complex\/"]}]},{"@type":"ImageObject","inLanguage":"de","@id":"https:\/\/marbellabay-villa.com\/het-complex\/#primaryimage","url":"https:\/\/marbellabay-villa.com\/wp-content\/uploads\/sites\/24\/2022\/03\/dp2.jpg","contentUrl":"https:\/\/marbellabay-villa.com\/wp-content\/uploads\/sites\/24\/2022\/03\/dp2.jpg","width":1024,"height":481},{"@type":"BreadcrumbList","@id":"https:\/\/marbellabay-villa.com\/het-complex\/#breadcrumb","itemListElement":[{"@type":"ListItem","position":1,"name":"Home","item":"https:\/\/marbellabay-villa.com\/"},{"@type":"ListItem","position":2,"name":"Castillo Torremolinos"}]},{"@type":"WebSite","@id":"https:\/\/marbellabay-villa.com\/#website","url":"https:\/\/marbellabay-villa.com\/","name":"Villen in der Bucht von Marbella","description":"","potentialAction":[{"@type":"SearchAction","target":{"@type":"EntryPoint","urlTemplate":"https:\/\/marbellabay-villa.com\/?s={search_term_string}"},"query-input":{"@type":"PropertyValueSpecification","valueRequired":true,"valueName":"search_term_string"}}],"inLanguage":"de"}]}},"_links":{"self":[{"href":"https:\/\/marbellabay-villa.com\/de\/wp-json\/wp\/v2\/pages\/95","targetHints":{"allow":["GET"]}}],"collection":[{"href":"https:\/\/marbellabay-villa.com\/de\/wp-json\/wp\/v2\/pages"}],"about":[{"href":"https:\/\/marbellabay-villa.com\/de\/wp-json\/wp\/v2\/types\/page"}],"author":[{"embeddable":true,"href":"https:\/\/marbellabay-villa.com\/de\/wp-json\/wp\/v2\/users\/1"}],"replies":[{"embeddable":true,"href":"https:\/\/marbellabay-villa.com\/de\/wp-json\/wp\/v2\/comments?post=95"}],"version-history":[{"count":49,"href":"https:\/\/marbellabay-villa.com\/de\/wp-json\/wp\/v2\/pages\/95\/revisions"}],"predecessor-version":[{"id":4345,"href":"https:\/\/marbellabay-villa.com\/de\/wp-json\/wp\/v2\/pages\/95\/revisions\/4345"}],"wp:featuredmedia":[{"embeddable":true,"href":"https:\/\/marbellabay-villa.com\/de\/wp-json\/wp\/v2\/media\/4332"}],"wp:attachment":[{"href":"https:\/\/marbellabay-villa.com\/de\/wp-json\/wp\/v2\/media?parent=95"}],"curies":[{"name":"wp","href":"https:\/\/api.w.org\/{rel}","templated":true}]}}