{"id":95,"date":"2022-01-27T10:58:29","date_gmt":"2022-01-27T10:58:29","guid":{"rendered":"http:\/\/cognito.mprinsdesign.nl\/?page_id=95"},"modified":"2023-05-02T11:39:23","modified_gmt":"2023-05-02T11:39:23","slug":"el-complejo","status":"publish","type":"page","link":"https:\/\/marbellabay-villa.com\/es\/el-complejo\/","title":{"rendered":"CastilloTorremolinos"},"content":{"rendered":"<section class=\"wpb-content-wrapper\"><div  class=\"content_row row page-content vc_row wpb_row  default-style fullwidth\" >\n\t\n\t<div class=\"content_row_wrapper  default\" >\n\t<div id=\"asdasd\" class=\"vc_col-sm-12 wpb_column vc_column_container\" >\n\t<div class=\"vc_column-inner\">\n\t\t<div class=\"wpb_wrapper\" >\n\t\t\t<div class=\"rt_heading_wrapper no-style\">\n\t\t\t\t\t\t<h1 class=\"rt_heading  no-style\"  style=\"font-size:24px;margin-top:24px;margin-bottom:0px;\">Villa Bah\u00eda de Marbella \u2013 <span class=\"after_h1\">mijas costa<\/span><\/h1> \n\t\t\t\t\t<\/div><div class=\"vc_empty_space\"   style=\"height: 32px\"><span class=\"vc_empty_space_inner\"><\/span><\/div><div class=\"vc_separator wpb_content_element vc_separator_align_center vc_sep_width_100 vc_sep_style-4 vc_sep_pos_align_center vc_separator_no_text vc_sep_color_grey\" ><span class=\"vc_sep_holder vc_sep_holder_l\"><span class=\"vc_sep_line\"><\/span><\/span><span class=\"vc_sep_holder vc_sep_holder_r\"><span class=\"vc_sep_line\"><\/span><\/span>\n<\/div><div class=\"vc_empty_space\"   style=\"height: 32px\"><span class=\"vc_empty_space_inner\"><\/span><\/div>\n\t<div class=\"wpb_text_column wpb_content_element\" >\n\t\t<div class=\"wpb_wrapper\">\n\t\t\t<div class=\"\">\n<p>La villa de sus sue\u00f1os en la Costa del Sol: construida en 8-10 meses. \u2013<\/p>\n<p>AHORRE tiempo - AHORRE dinero - PROTEJA nuestro planeta - Eficiencia energ\u00e9tica estimada al finalizar VILLA ECOL\u00d3GICA CONTEMPOR\u00c1NEA DE LUJO SOBRE PLANO EN LA CALA GOLF La villa tiene hermosas vistas al golf al frente y atr\u00e1s.<\/p>\n<p>Esta propiedad se construir\u00e1 en 3 plantas, s\u00f3tano, planta baja y 1\u00aa planta que consta de hall de entrada, 6 dormitorios, con 5 ba\u00f1os en suite, aseo de invitados, cocina equipada, todos los electrodom\u00e9sticos, sal\u00f3n comedor, ascensor neum\u00e1tico panor\u00e1mico, garaje, gimnasio, sala de TV y lavadero.<\/p>\n<p>Las fotos de los ba\u00f1os y la cocina son solo ejemplos; la elecci\u00f3n final es la del cliente!<\/p>\n<p>Las especificaciones incluyen: \u2013 Ventanas con cristal Climalit 5+5\/habitaci\u00f3n\/6+6 \u2013 Elevador neum\u00e1tico \u2013 Totalmente amueblado \u2013 Cocina totalmente equipada con electrodom\u00e9sticos Bosch \u2013 Pavimentos interiores y exteriores de Saloni \u2013 Paredes de ba\u00f1o de Saloni \u2013 Ba\u00f1os de Roca, Serie the Gap o de Jacob Delafon - Calefacci\u00f3n por suelo radiante de agua - Puerta de entrada pivotante de altura de techo y 1,50 m de ancho - Puertas interiores invisibles de altura de techo y 1,00 m de ancho - y mucho m\u00e1s... **Las fotos y CGI de ba\u00f1os y cocinas son orientativas para cualquier producto terminado**<\/p>\n<\/div>\n<div class=\"\">\n<p>&nbsp;<\/p>\n<\/div>\n\n\t\t<\/div>\n\t<\/div>\n\n\t\t<\/div>\n\t<\/div>\n\t<\/div>\n\n<\/div>\n<\/div>\n\n<div  class=\"content_row row page-content vc_row wpb_row  default-style fullwidth\" style=\"background-color: #bbac8c;\">\n\t\n\t<div class=\"content_row_wrapper  default\" >\n\t<div id=\"asdasd\" class=\"vc_col-sm-12 wpb_column vc_column_container\" >\n\t<div class=\"vc_column-inner\">\n\t\t<div class=\"wpb_wrapper\" >\n\t\t\t<div class=\"rt_heading_wrapper no-style\">\n\t\t\t\t\t\t<h1 class=\"rt_heading  no-style\"  style=\"font-size:24px;margin-top:24px;margin-bottom:0px;\">Caracter\u00edsticas - <span class=\"after_h1 white\">Villa Bah\u00eda de Marbella<\/span><\/h1> \n\t\t\t\t\t<\/div><div class=\"vc_empty_space\"   style=\"height: 32px\"><span class=\"vc_empty_space_inner\"><\/span><\/div><div class=\"vc_separator wpb_content_element vc_separator_align_center vc_sep_width_100 vc_sep_style-4 vc_sep_pos_align_center vc_separator_no_text vc_sep_color_grey\" ><span class=\"vc_sep_holder vc_sep_holder_l\"><span class=\"vc_sep_line\"><\/span><\/span><span class=\"vc_sep_holder vc_sep_holder_r\"><span class=\"vc_sep_line\"><\/span><\/span>\n<\/div>\n\t<div class=\"wpb_text_column wpb_content_element\" >\n\t\t<div class=\"wpb_wrapper\">\n\t\t\t\t \n\t\t<div  class=\"bullet-list style-1  check\">\n\t\t<ul>\n<li>piscina privada<\/li>\n<li>totalmente amueblado<\/li>\n<li>cocina totalmente equipada con electrodom\u00e9sticos Bosch<\/li>\n<li><span style=\"font-weight: 400;\">ba\u00f1os de roca<\/span><\/li>\n<li><span style=\"font-weight: 400;\">primera linea de golf<\/span><\/li>\n<li>precios desde 1.895.000 \u20ac.<\/li>\n<\/ul>\n\n\t\t<\/div>\n\t\n\n\t\t<\/div>\n\t<\/div>\n\n\t\t<\/div>\n\t<\/div>\n\t<\/div>\n\n<\/div>\n<\/div>\n\n<div  class=\"content_row row quote-row vc_row wpb_row  default-style fullwidth\" style=\"background-color: #fcfcfc;\">\n\t\n\t<div class=\"content_row_wrapper  fullwidth\" >\n\t<div id=\"asdasd\" class=\"vc_col-sm-12 wpb_column vc_column_container vc_custom_1644925648982\" >\n\t<div class=\"vc_column-inner\">\n\t\t<div class=\"wpb_wrapper\" >\n\t\t\t<div class=\"rt_heading_wrapper style-3\">\n\t\t\t\t\t\t<h4 class=\"rt_heading serif quote-max-width style-3\" >Paquete informativo Marbella Bay Villa <a href=\"https:\/\/new.minisites.casadelmar.nl\/meer-informatie\/\"> Solicitar folleto y lista de precios <\/a><\/h4> \n\t\t\t\t\t<\/div>\n\t\t<\/div>\n\t<\/div>\n\t<\/div>\n\n<\/div>\n<\/div>\n\n<div  class=\"content_row row vc_row wpb_row  default-style fullwidth\" >\n\t\n\t<div class=\"content_row_wrapper  default\" >\n\t<div id=\"asdasd\" class=\"vc_col-sm-12 wpb_column vc_column_container\" >\n\t<div class=\"vc_column-inner\">\n\t\t<div class=\"wpb_wrapper\" >\n\t\t\t<div class=\"button_wrapper aligncenter\"><a  href=\"\/es\/mas-informacion\/\" target=\"_self\" title=\"&gt; m\u00e1s informaci\u00f3n\" class=\"button_  style-2 small\">&gt; m\u00e1s informaci\u00f3n<\/a><\/div>\n\t\t<\/div>\n\t<\/div>\n\t<\/div>\n\n<\/div>\n<\/div>\n<\/section>","protected":false},"excerpt":{"rendered":"<p>\u2026 <a class=\"more-link\" href=\"https:\/\/marbellabay-villa.com\/es\/el-complejo\/\">sigue leyendo<\/a><\/p>","protected":false},"author":1,"featured_media":4332,"parent":0,"menu_order":3,"comment_status":"closed","ping_status":"closed","template":"","meta":{"footnotes":""},"class_list":["post-95","page","type-page","status-publish","has-post-thumbnail","hentry"],"yoast_head":"<!-- This site is optimized with the Yoast SEO plugin v26.0 - https:\/\/yoast.com\/wordpress\/plugins\/seo\/ -->\n<title>Castillo Torremolinos - Marbella Bay Villa&#039;s<\/title>\n<meta name=\"robots\" content=\"index, follow, max-snippet:-1, max-image-preview:large, max-video-preview:-1\" \/>\n<link rel=\"canonical\" href=\"https:\/\/marbellabay-villa.com\/es\/el-complejo\/\" \/>\n<meta property=\"og:locale\" content=\"es_ES\" \/>\n<meta property=\"og:type\" content=\"article\" \/>\n<meta property=\"og:title\" content=\"Castillo Torremolinos - Marbella Bay Villa&#039;s\" \/>\n<meta property=\"og:url\" content=\"https:\/\/marbellabay-villa.com\/es\/el-complejo\/\" \/>\n<meta property=\"og:site_name\" content=\"Marbella Bay Villa&#039;s\" \/>\n<meta property=\"article:modified_time\" content=\"2023-05-02T11:39:23+00:00\" \/>\n<meta property=\"og:image\" content=\"https:\/\/marbellabay-villa.com\/wp-content\/uploads\/sites\/24\/2022\/03\/dp2.jpg\" \/>\n\t<meta property=\"og:image:width\" content=\"1024\" \/>\n\t<meta property=\"og:image:height\" content=\"481\" \/>\n\t<meta property=\"og:image:type\" content=\"image\/jpeg\" \/>\n<meta name=\"twitter:card\" content=\"summary_large_image\" \/>\n<meta name=\"twitter:label1\" content=\"Tiempo de lectura\" \/>\n\t<meta name=\"twitter:data1\" content=\"2 minutos\" \/>\n<script type=\"application\/ld+json\" class=\"yoast-schema-graph\">{\"@context\":\"https:\/\/schema.org\",\"@graph\":[{\"@type\":\"WebPage\",\"@id\":\"https:\/\/marbellabay-villa.com\/het-complex\/\",\"url\":\"https:\/\/marbellabay-villa.com\/het-complex\/\",\"name\":\"Castillo Torremolinos - Marbella Bay Villa's\",\"isPartOf\":{\"@id\":\"https:\/\/marbellabay-villa.com\/#website\"},\"primaryImageOfPage\":{\"@id\":\"https:\/\/marbellabay-villa.com\/het-complex\/#primaryimage\"},\"image\":{\"@id\":\"https:\/\/marbellabay-villa.com\/het-complex\/#primaryimage\"},\"thumbnailUrl\":\"https:\/\/marbellabay-villa.com\/wp-content\/uploads\/sites\/24\/2022\/03\/dp2.jpg\",\"datePublished\":\"2022-01-27T10:58:29+00:00\",\"dateModified\":\"2023-05-02T11:39:23+00:00\",\"breadcrumb\":{\"@id\":\"https:\/\/marbellabay-villa.com\/het-complex\/#breadcrumb\"},\"inLanguage\":\"es\",\"potentialAction\":[{\"@type\":\"ReadAction\",\"target\":[\"https:\/\/marbellabay-villa.com\/het-complex\/\"]}]},{\"@type\":\"ImageObject\",\"inLanguage\":\"es\",\"@id\":\"https:\/\/marbellabay-villa.com\/het-complex\/#primaryimage\",\"url\":\"https:\/\/marbellabay-villa.com\/wp-content\/uploads\/sites\/24\/2022\/03\/dp2.jpg\",\"contentUrl\":\"https:\/\/marbellabay-villa.com\/wp-content\/uploads\/sites\/24\/2022\/03\/dp2.jpg\",\"width\":1024,\"height\":481},{\"@type\":\"BreadcrumbList\",\"@id\":\"https:\/\/marbellabay-villa.com\/het-complex\/#breadcrumb\",\"itemListElement\":[{\"@type\":\"ListItem\",\"position\":1,\"name\":\"Home\",\"item\":\"https:\/\/marbellabay-villa.com\/\"},{\"@type\":\"ListItem\",\"position\":2,\"name\":\"Castillo Torremolinos\"}]},{\"@type\":\"WebSite\",\"@id\":\"https:\/\/marbellabay-villa.com\/#website\",\"url\":\"https:\/\/marbellabay-villa.com\/\",\"name\":\"Marbella Bay Villa's\",\"description\":\"\",\"potentialAction\":[{\"@type\":\"SearchAction\",\"target\":{\"@type\":\"EntryPoint\",\"urlTemplate\":\"https:\/\/marbellabay-villa.com\/?s={search_term_string}\"},\"query-input\":{\"@type\":\"PropertyValueSpecification\",\"valueRequired\":true,\"valueName\":\"search_term_string\"}}],\"inLanguage\":\"es\"}]}<\/script>\n<!-- \/ Yoast SEO plugin. -->","yoast_head_json":{"title":"Castillo Torremolinos - Marbella Bay Villas","robots":{"index":"index","follow":"follow","max-snippet":"max-snippet:-1","max-image-preview":"max-image-preview:large","max-video-preview":"max-video-preview:-1"},"canonical":"https:\/\/marbellabay-villa.com\/es\/el-complejo\/","og_locale":"es_ES","og_type":"article","og_title":"Castillo Torremolinos - Marbella Bay Villa's","og_url":"https:\/\/marbellabay-villa.com\/es\/el-complejo\/","og_site_name":"Marbella Bay Villa's","article_modified_time":"2023-05-02T11:39:23+00:00","og_image":[{"width":1024,"height":481,"url":"https:\/\/marbellabay-villa.com\/wp-content\/uploads\/sites\/24\/2022\/03\/dp2.jpg","type":"image\/jpeg"}],"twitter_card":"summary_large_image","twitter_misc":{"Tiempo de lectura":"2 minutos"},"schema":{"@context":"https:\/\/schema.org","@graph":[{"@type":"WebPage","@id":"https:\/\/marbellabay-villa.com\/het-complex\/","url":"https:\/\/marbellabay-villa.com\/het-complex\/","name":"Castillo Torremolinos - Marbella Bay Villas","isPartOf":{"@id":"https:\/\/marbellabay-villa.com\/#website"},"primaryImageOfPage":{"@id":"https:\/\/marbellabay-villa.com\/het-complex\/#primaryimage"},"image":{"@id":"https:\/\/marbellabay-villa.com\/het-complex\/#primaryimage"},"thumbnailUrl":"https:\/\/marbellabay-villa.com\/wp-content\/uploads\/sites\/24\/2022\/03\/dp2.jpg","datePublished":"2022-01-27T10:58:29+00:00","dateModified":"2023-05-02T11:39:23+00:00","breadcrumb":{"@id":"https:\/\/marbellabay-villa.com\/het-complex\/#breadcrumb"},"inLanguage":"es","potentialAction":[{"@type":"ReadAction","target":["https:\/\/marbellabay-villa.com\/het-complex\/"]}]},{"@type":"ImageObject","inLanguage":"es","@id":"https:\/\/marbellabay-villa.com\/het-complex\/#primaryimage","url":"https:\/\/marbellabay-villa.com\/wp-content\/uploads\/sites\/24\/2022\/03\/dp2.jpg","contentUrl":"https:\/\/marbellabay-villa.com\/wp-content\/uploads\/sites\/24\/2022\/03\/dp2.jpg","width":1024,"height":481},{"@type":"BreadcrumbList","@id":"https:\/\/marbellabay-villa.com\/het-complex\/#breadcrumb","itemListElement":[{"@type":"ListItem","position":1,"name":"Home","item":"https:\/\/marbellabay-villa.com\/"},{"@type":"ListItem","position":2,"name":"Castillo Torremolinos"}]},{"@type":"WebSite","@id":"https:\/\/marbellabay-villa.com\/#website","url":"https:\/\/marbellabay-villa.com\/","name":"Marbella Bah\u00eda Villas","description":"","potentialAction":[{"@type":"SearchAction","target":{"@type":"EntryPoint","urlTemplate":"https:\/\/marbellabay-villa.com\/?s={search_term_string}"},"query-input":{"@type":"PropertyValueSpecification","valueRequired":true,"valueName":"search_term_string"}}],"inLanguage":"es"}]}},"_links":{"self":[{"href":"https:\/\/marbellabay-villa.com\/es\/wp-json\/wp\/v2\/pages\/95","targetHints":{"allow":["GET"]}}],"collection":[{"href":"https:\/\/marbellabay-villa.com\/es\/wp-json\/wp\/v2\/pages"}],"about":[{"href":"https:\/\/marbellabay-villa.com\/es\/wp-json\/wp\/v2\/types\/page"}],"author":[{"embeddable":true,"href":"https:\/\/marbellabay-villa.com\/es\/wp-json\/wp\/v2\/users\/1"}],"replies":[{"embeddable":true,"href":"https:\/\/marbellabay-villa.com\/es\/wp-json\/wp\/v2\/comments?post=95"}],"version-history":[{"count":49,"href":"https:\/\/marbellabay-villa.com\/es\/wp-json\/wp\/v2\/pages\/95\/revisions"}],"predecessor-version":[{"id":4345,"href":"https:\/\/marbellabay-villa.com\/es\/wp-json\/wp\/v2\/pages\/95\/revisions\/4345"}],"wp:featuredmedia":[{"embeddable":true,"href":"https:\/\/marbellabay-villa.com\/es\/wp-json\/wp\/v2\/media\/4332"}],"wp:attachment":[{"href":"https:\/\/marbellabay-villa.com\/es\/wp-json\/wp\/v2\/media?parent=95"}],"curies":[{"name":"wp","href":"https:\/\/api.w.org\/{rel}","templated":true}]}}