{"id":95,"date":"2022-01-27T10:58:29","date_gmt":"2022-01-27T10:58:29","guid":{"rendered":"http:\/\/cognito.mprinsdesign.nl\/?page_id=95"},"modified":"2023-05-02T11:39:23","modified_gmt":"2023-05-02T11:39:23","slug":"le-complexe","status":"publish","type":"page","link":"https:\/\/marbellabay-villa.com\/fr\/le-complexe\/","title":{"rendered":"Ch\u00e2teau de Torremolinos"},"content":{"rendered":"<section class=\"wpb-content-wrapper\"><div  class=\"content_row row page-content vc_row wpb_row  default-style fullwidth\" >\n\t\n\t<div class=\"content_row_wrapper  default\" >\n\t<div id=\"asdasd\" class=\"vc_col-sm-12 wpb_column vc_column_container\" >\n\t<div class=\"vc_column-inner\">\n\t\t<div class=\"wpb_wrapper\" >\n\t\t\t<div class=\"rt_heading_wrapper no-style\">\n\t\t\t\t\t\t<h1 class=\"rt_heading  no-style\"  style=\"font-size:24px;margin-top:24px;margin-bottom:0px;\">Villa Baie de Marbella \u2013 <span class=\"after_h1\">Mijas Costa<\/span><\/h1> \n\t\t\t\t\t<\/div><div class=\"vc_empty_space\"   style=\"height: 32px\"><span class=\"vc_empty_space_inner\"><\/span><\/div><div class=\"vc_separator wpb_content_element vc_separator_align_center vc_sep_width_100 vc_sep_style-4 vc_sep_pos_align_center vc_separator_no_text vc_sep_color_grey\" ><span class=\"vc_sep_holder vc_sep_holder_l\"><span class=\"vc_sep_line\"><\/span><\/span><span class=\"vc_sep_holder vc_sep_holder_r\"><span class=\"vc_sep_line\"><\/span><\/span>\n<\/div><div class=\"vc_empty_space\"   style=\"height: 32px\"><span class=\"vc_empty_space_inner\"><\/span><\/div>\n\t<div class=\"wpb_text_column wpb_content_element\" >\n\t\t<div class=\"wpb_wrapper\">\n\t\t\t<div class=\"\">\n<p>La villa de vos r\u00eaves sur la Costa del Sol \u2013 construite en 8 \u00e0 10 mois. \u2013<\/p>\n<p>GAGNEZ DU TEMPS \u2013 \u00c9CONOMISEZ DE L&#039;ARGENT \u2013 PROT\u00c9GEZ notre plan\u00e8te \u2013 Une efficacit\u00e9 \u00e9nerg\u00e9tique estim\u00e9e \u00e0 la fin. VILLA \u00c9COLOGIQUE CONTEMPORAINE DE LUXE SUR PLAN DANS LE GOLF DE LA CALA La villa offre une vue imprenable sur le golf \u00e0 l&#039;avant et \u00e0 l&#039;arri\u00e8re.<\/p>\n<p>Cette propri\u00e9t\u00e9 sera construite sur 3 \u00e9tages, sous-sol, rez-de-chauss\u00e9e et 1er \u00e9tage comprenant hall d&#039;entr\u00e9e, 6 chambres, avec 5 salles de bains attenantes, toilettes invit\u00e9s, cuisine enti\u00e8rement \u00e9quip\u00e9e, tous les appareils \u00e9lectrom\u00e9nagers, salon-salle \u00e0 manger, ascenseur pneumatique panoramique, garage, gymnase, salle de t\u00e9l\u00e9vision et buanderie.<\/p>\n<p>Les photos des salles de bains et de la cuisine ne sont que des exemples\u00a0; le choix final est celui du client !<\/p>\n<p>Les sp\u00e9cifications comprennent : \u2013 Fen\u00eatres avec verre Climalit 5+5\/pi\u00e8ce\/6+6 \u2013 Ascenseur pneumatique \u2013 Enti\u00e8rement meubl\u00e9 \u2013 Cuisine enti\u00e8rement \u00e9quip\u00e9e avec appareils Bosch \u2013 Sol int\u00e9rieur et ext\u00e9rieur Saloni \u2013 Murs de salle de bains Saloni \u2013 Salles de bains Roca, s\u00e9rie The Gap de Jacob Delafon \u2013 Chauffage au sol \u00e0 eau \u2013 Porte d&#039;entr\u00e9e pivotante d&#039;une hauteur de plafond de 1,50 m de large \u2013 Portes int\u00e9rieures invisibles d&#039;une hauteur de plafond de 1,00 m de large \u2013 et bien plus encore\u2026.. **Les photos et CGI des salles de bains et des cuisines sont indicatifs de tout produit fini**<\/p>\n<\/div>\n<div class=\"\">\n<p>&nbsp;<\/p>\n<\/div>\n\n\t\t<\/div>\n\t<\/div>\n\n\t\t<\/div>\n\t<\/div>\n\t<\/div>\n\n<\/div>\n<\/div>\n\n<div  class=\"content_row row page-content vc_row wpb_row  default-style fullwidth\" style=\"background-color: #bbac8c;\">\n\t\n\t<div class=\"content_row_wrapper  default\" >\n\t<div id=\"asdasd\" class=\"vc_col-sm-12 wpb_column vc_column_container\" >\n\t<div class=\"vc_column-inner\">\n\t\t<div class=\"wpb_wrapper\" >\n\t\t\t<div class=\"rt_heading_wrapper no-style\">\n\t\t\t\t\t\t<h1 class=\"rt_heading  no-style\"  style=\"font-size:24px;margin-top:24px;margin-bottom:0px;\">Caract\u00e9ristiques - <span class=\"after_h1 white\">Villa Baie de Marbella<\/span><\/h1> \n\t\t\t\t\t<\/div><div class=\"vc_empty_space\"   style=\"height: 32px\"><span class=\"vc_empty_space_inner\"><\/span><\/div><div class=\"vc_separator wpb_content_element vc_separator_align_center vc_sep_width_100 vc_sep_style-4 vc_sep_pos_align_center vc_separator_no_text vc_sep_color_grey\" ><span class=\"vc_sep_holder vc_sep_holder_l\"><span class=\"vc_sep_line\"><\/span><\/span><span class=\"vc_sep_holder vc_sep_holder_r\"><span class=\"vc_sep_line\"><\/span><\/span>\n<\/div>\n\t<div class=\"wpb_text_column wpb_content_element\" >\n\t\t<div class=\"wpb_wrapper\">\n\t\t\t\t \n\t\t<div  class=\"bullet-list style-1  check\">\n\t\t<ul>\n<li>propre piscine<\/li>\n<li>enti\u00e8rement meubl\u00e9<\/li>\n<li>cuisine enti\u00e8rement \u00e9quip\u00e9e avec appareils Bosch<\/li>\n<li><span style=\"font-weight: 400;\">salles de bains de Roca<\/span><\/li>\n<li><span style=\"font-weight: 400;\">golf de premi\u00e8re ligne<\/span><\/li>\n<li>prix \u00e0 partir de 1 895 000 \u20ac.<\/li>\n<\/ul>\n\n\t\t<\/div>\n\t\n\n\t\t<\/div>\n\t<\/div>\n\n\t\t<\/div>\n\t<\/div>\n\t<\/div>\n\n<\/div>\n<\/div>\n\n<div  class=\"content_row row quote-row vc_row wpb_row  default-style fullwidth\" style=\"background-color: #fcfcfc;\">\n\t\n\t<div class=\"content_row_wrapper  fullwidth\" >\n\t<div id=\"asdasd\" class=\"vc_col-sm-12 wpb_column vc_column_container vc_custom_1644925648982\" >\n\t<div class=\"vc_column-inner\">\n\t\t<div class=\"wpb_wrapper\" >\n\t\t\t<div class=\"rt_heading_wrapper style-3\">\n\t\t\t\t\t\t<h4 class=\"rt_heading serif quote-max-width style-3\" >Dossier d&#039;information Marbella Bay Villa <a href=\"https:\/\/new.minisites.casadelmar.nl\/meer-informatie\/\"> Demander une brochure et une liste de prix <\/a><\/h4> \n\t\t\t\t\t<\/div>\n\t\t<\/div>\n\t<\/div>\n\t<\/div>\n\n<\/div>\n<\/div>\n\n<div  class=\"content_row row vc_row wpb_row  default-style fullwidth\" >\n\t\n\t<div class=\"content_row_wrapper  default\" >\n\t<div id=\"asdasd\" class=\"vc_col-sm-12 wpb_column vc_column_container\" >\n\t<div class=\"vc_column-inner\">\n\t\t<div class=\"wpb_wrapper\" >\n\t\t\t<div class=\"button_wrapper aligncenter\"><a  href=\"\/fr\/plus-dinformation\/\" target=\"_self\" title=\"&gt; plus d&#039;infos\" class=\"button_  style-2 small\">&gt; plus d&#039;infos<\/a><\/div>\n\t\t<\/div>\n\t<\/div>\n\t<\/div>\n\n<\/div>\n<\/div>\n<\/section>","protected":false},"excerpt":{"rendered":"<p>\u2026 <a class=\"more-link\" href=\"https:\/\/marbellabay-villa.com\/fr\/le-complexe\/\">continuer la lecture<\/a><\/p>","protected":false},"author":1,"featured_media":4332,"parent":0,"menu_order":3,"comment_status":"closed","ping_status":"closed","template":"","meta":{"footnotes":""},"class_list":["post-95","page","type-page","status-publish","has-post-thumbnail","hentry"],"yoast_head":"<!-- This site is optimized with the Yoast SEO plugin v27.6 - https:\/\/yoast.com\/product\/yoast-seo-wordpress\/ -->\n<title>Castillo Torremolinos - Marbella Bay Villa&#039;s<\/title>\n<meta name=\"robots\" content=\"index, follow, max-snippet:-1, max-image-preview:large, max-video-preview:-1\" \/>\n<link rel=\"canonical\" href=\"https:\/\/marbellabay-villa.com\/fr\/le-complexe\/\" \/>\n<meta property=\"og:locale\" content=\"fr_FR\" \/>\n<meta property=\"og:type\" content=\"article\" \/>\n<meta property=\"og:title\" content=\"Castillo Torremolinos - Marbella Bay Villa&#039;s\" \/>\n<meta property=\"og:url\" content=\"https:\/\/marbellabay-villa.com\/fr\/le-complexe\/\" \/>\n<meta property=\"og:site_name\" content=\"Marbella Bay Villa&#039;s\" \/>\n<meta property=\"article:modified_time\" content=\"2023-05-02T11:39:23+00:00\" \/>\n<meta property=\"og:image\" content=\"https:\/\/marbellabay-villa.com\/wp-content\/uploads\/sites\/24\/2022\/03\/dp2.jpg\" \/>\n\t<meta property=\"og:image:width\" content=\"1024\" \/>\n\t<meta property=\"og:image:height\" content=\"481\" \/>\n\t<meta property=\"og:image:type\" content=\"image\/jpeg\" \/>\n<meta name=\"twitter:card\" content=\"summary_large_image\" \/>\n<meta name=\"twitter:label1\" content=\"Dur\u00e9e de lecture estim\u00e9e\" \/>\n\t<meta name=\"twitter:data1\" content=\"2 minutes\" \/>\n<script type=\"application\/ld+json\" class=\"yoast-schema-graph\">{\"@context\":\"https:\\\/\\\/schema.org\",\"@graph\":[{\"@type\":\"WebPage\",\"@id\":\"https:\\\/\\\/marbellabay-villa.com\\\/het-complex\\\/\",\"url\":\"https:\\\/\\\/marbellabay-villa.com\\\/het-complex\\\/\",\"name\":\"Castillo Torremolinos - Marbella Bay Villa's\",\"isPartOf\":{\"@id\":\"https:\\\/\\\/marbellabay-villa.com\\\/#website\"},\"primaryImageOfPage\":{\"@id\":\"https:\\\/\\\/marbellabay-villa.com\\\/het-complex\\\/#primaryimage\"},\"image\":{\"@id\":\"https:\\\/\\\/marbellabay-villa.com\\\/het-complex\\\/#primaryimage\"},\"thumbnailUrl\":\"https:\\\/\\\/marbellabay-villa.com\\\/wp-content\\\/uploads\\\/sites\\\/24\\\/2022\\\/03\\\/dp2.jpg\",\"datePublished\":\"2022-01-27T10:58:29+00:00\",\"dateModified\":\"2023-05-02T11:39:23+00:00\",\"breadcrumb\":{\"@id\":\"https:\\\/\\\/marbellabay-villa.com\\\/het-complex\\\/#breadcrumb\"},\"inLanguage\":\"fr-FR\",\"potentialAction\":[{\"@type\":\"ReadAction\",\"target\":[\"https:\\\/\\\/marbellabay-villa.com\\\/het-complex\\\/\"]}]},{\"@type\":\"ImageObject\",\"inLanguage\":\"fr-FR\",\"@id\":\"https:\\\/\\\/marbellabay-villa.com\\\/het-complex\\\/#primaryimage\",\"url\":\"https:\\\/\\\/marbellabay-villa.com\\\/wp-content\\\/uploads\\\/sites\\\/24\\\/2022\\\/03\\\/dp2.jpg\",\"contentUrl\":\"https:\\\/\\\/marbellabay-villa.com\\\/wp-content\\\/uploads\\\/sites\\\/24\\\/2022\\\/03\\\/dp2.jpg\",\"width\":1024,\"height\":481},{\"@type\":\"BreadcrumbList\",\"@id\":\"https:\\\/\\\/marbellabay-villa.com\\\/het-complex\\\/#breadcrumb\",\"itemListElement\":[{\"@type\":\"ListItem\",\"position\":1,\"name\":\"Home\",\"item\":\"https:\\\/\\\/marbellabay-villa.com\\\/\"},{\"@type\":\"ListItem\",\"position\":2,\"name\":\"Castillo Torremolinos\"}]},{\"@type\":\"WebSite\",\"@id\":\"https:\\\/\\\/marbellabay-villa.com\\\/#website\",\"url\":\"https:\\\/\\\/marbellabay-villa.com\\\/\",\"name\":\"Marbella Bay Villa's\",\"description\":\"\",\"potentialAction\":[{\"@type\":\"SearchAction\",\"target\":{\"@type\":\"EntryPoint\",\"urlTemplate\":\"https:\\\/\\\/marbellabay-villa.com\\\/?s={search_term_string}\"},\"query-input\":{\"@type\":\"PropertyValueSpecification\",\"valueRequired\":true,\"valueName\":\"search_term_string\"}}],\"inLanguage\":\"fr-FR\"}]}<\/script>\n<!-- \/ Yoast SEO plugin. -->","yoast_head_json":{"title":"Ch\u00e2teau Torremolinos - Villas Baie de Marbella","robots":{"index":"index","follow":"follow","max-snippet":"max-snippet:-1","max-image-preview":"max-image-preview:large","max-video-preview":"max-video-preview:-1"},"canonical":"https:\/\/marbellabay-villa.com\/fr\/le-complexe\/","og_locale":"fr_FR","og_type":"article","og_title":"Castillo Torremolinos - Marbella Bay Villa's","og_url":"https:\/\/marbellabay-villa.com\/fr\/le-complexe\/","og_site_name":"Marbella Bay Villa's","article_modified_time":"2023-05-02T11:39:23+00:00","og_image":[{"width":1024,"height":481,"url":"https:\/\/marbellabay-villa.com\/wp-content\/uploads\/sites\/24\/2022\/03\/dp2.jpg","type":"image\/jpeg"}],"twitter_card":"summary_large_image","twitter_misc":{"Dur\u00e9e de lecture estim\u00e9e":"2 minutes"},"schema":{"@context":"https:\/\/schema.org","@graph":[{"@type":"WebPage","@id":"https:\/\/marbellabay-villa.com\/het-complex\/","url":"https:\/\/marbellabay-villa.com\/het-complex\/","name":"Ch\u00e2teau Torremolinos - Villas Baie de Marbella","isPartOf":{"@id":"https:\/\/marbellabay-villa.com\/#website"},"primaryImageOfPage":{"@id":"https:\/\/marbellabay-villa.com\/het-complex\/#primaryimage"},"image":{"@id":"https:\/\/marbellabay-villa.com\/het-complex\/#primaryimage"},"thumbnailUrl":"https:\/\/marbellabay-villa.com\/wp-content\/uploads\/sites\/24\/2022\/03\/dp2.jpg","datePublished":"2022-01-27T10:58:29+00:00","dateModified":"2023-05-02T11:39:23+00:00","breadcrumb":{"@id":"https:\/\/marbellabay-villa.com\/het-complex\/#breadcrumb"},"inLanguage":"fr-FR","potentialAction":[{"@type":"ReadAction","target":["https:\/\/marbellabay-villa.com\/het-complex\/"]}]},{"@type":"ImageObject","inLanguage":"fr-FR","@id":"https:\/\/marbellabay-villa.com\/het-complex\/#primaryimage","url":"https:\/\/marbellabay-villa.com\/wp-content\/uploads\/sites\/24\/2022\/03\/dp2.jpg","contentUrl":"https:\/\/marbellabay-villa.com\/wp-content\/uploads\/sites\/24\/2022\/03\/dp2.jpg","width":1024,"height":481},{"@type":"BreadcrumbList","@id":"https:\/\/marbellabay-villa.com\/het-complex\/#breadcrumb","itemListElement":[{"@type":"ListItem","position":1,"name":"Home","item":"https:\/\/marbellabay-villa.com\/"},{"@type":"ListItem","position":2,"name":"Castillo Torremolinos"}]},{"@type":"WebSite","@id":"https:\/\/marbellabay-villa.com\/#website","url":"https:\/\/marbellabay-villa.com\/","name":"Villas Baie de Marbella","description":"","potentialAction":[{"@type":"SearchAction","target":{"@type":"EntryPoint","urlTemplate":"https:\/\/marbellabay-villa.com\/?s={search_term_string}"},"query-input":{"@type":"PropertyValueSpecification","valueRequired":true,"valueName":"search_term_string"}}],"inLanguage":"fr-FR"}]}},"_links":{"self":[{"href":"https:\/\/marbellabay-villa.com\/fr\/wp-json\/wp\/v2\/pages\/95","targetHints":{"allow":["GET"]}}],"collection":[{"href":"https:\/\/marbellabay-villa.com\/fr\/wp-json\/wp\/v2\/pages"}],"about":[{"href":"https:\/\/marbellabay-villa.com\/fr\/wp-json\/wp\/v2\/types\/page"}],"author":[{"embeddable":true,"href":"https:\/\/marbellabay-villa.com\/fr\/wp-json\/wp\/v2\/users\/1"}],"replies":[{"embeddable":true,"href":"https:\/\/marbellabay-villa.com\/fr\/wp-json\/wp\/v2\/comments?post=95"}],"version-history":[{"count":49,"href":"https:\/\/marbellabay-villa.com\/fr\/wp-json\/wp\/v2\/pages\/95\/revisions"}],"predecessor-version":[{"id":4345,"href":"https:\/\/marbellabay-villa.com\/fr\/wp-json\/wp\/v2\/pages\/95\/revisions\/4345"}],"wp:featuredmedia":[{"embeddable":true,"href":"https:\/\/marbellabay-villa.com\/fr\/wp-json\/wp\/v2\/media\/4332"}],"wp:attachment":[{"href":"https:\/\/marbellabay-villa.com\/fr\/wp-json\/wp\/v2\/media?parent=95"}],"curies":[{"name":"wp","href":"https:\/\/api.w.org\/{rel}","templated":true}]}}